{"id":315,"date":"2022-09-07T15:27:57","date_gmt":"2022-09-07T15:27:57","guid":{"rendered":"https:\/\/kariera-job.com\/?page_id=315"},"modified":"2024-10-03T17:23:02","modified_gmt":"2024-10-03T17:23:02","slug":"privacy-policy","status":"publish","type":"page","link":"https:\/\/mycareerpros.com\/al\/privacy-policy\/","title":{"rendered":"Privacy Policy"},"content":{"rendered":"\t\t<div data-elementor-type=\"wp-page\" data-elementor-id=\"315\" class=\"elementor elementor-315\">\n\t\t\t\t\t\t\t\t\t<section class=\"elementor-section elementor-top-section elementor-element elementor-element-7defbd8 elementor-reverse-mobile elementor-section-boxed elementor-section-height-default elementor-section-height-default\" data-id=\"7defbd8\" data-element_type=\"section\">\n\t\t\t\t\t\t<div class=\"elementor-container elementor-column-gap-wider\">\n\t\t\t\t\t<div class=\"elementor-column elementor-col-100 elementor-top-column elementor-element elementor-element-560f1aa\" data-id=\"560f1aa\" data-element_type=\"column\">\n\t\t\t<div class=\"elementor-widget-wrap elementor-element-populated\">\n\t\t\t\t\t\t\t\t<div class=\"elementor-element elementor-element-5e2e8ce elementor-widget elementor-widget-heading\" data-id=\"5e2e8ce\" data-element_type=\"widget\" data-widget_type=\"heading.default\">\n\t\t\t\t<div class=\"elementor-widget-container\">\n\t\t\t<style>\/*! elementor - v3.7.4 - 31-08-2022 *\/\n.elementor-heading-title{padding:0;margin:0;line-height:1}.elementor-widget-heading .elementor-heading-title[class*=elementor-size-]>a{color:inherit;font-size:inherit;line-height:inherit}.elementor-widget-heading .elementor-heading-title.elementor-size-small{font-size:15px}.elementor-widget-heading .elementor-heading-title.elementor-size-medium{font-size:19px}.elementor-widget-heading .elementor-heading-title.elementor-size-large{font-size:29px}.elementor-widget-heading .elementor-heading-title.elementor-size-xl{font-size:39px}.elementor-widget-heading .elementor-heading-title.elementor-size-xxl{font-size:59px}<\/style><h2 class=\"elementor-heading-title elementor-size-default\">Politika e privat\u00ebsis\u00eb<\/h2>\t\t<\/div>\n\t\t\t\t<\/div>\n\t\t\t\t<div class=\"elementor-element elementor-element-6f30e2c elementor-widget elementor-widget-image\" data-id=\"6f30e2c\" data-element_type=\"widget\" data-widget_type=\"image.default\">\n\t\t\t\t<div class=\"elementor-widget-container\">\n\t\t\t<style>\/*! elementor - v3.7.4 - 31-08-2022 *\/\n.elementor-widget-image{text-align:center}.elementor-widget-image a{display:inline-block}.elementor-widget-image a img[src$=\".svg\"]{width:48px}.elementor-widget-image img{vertical-align:middle;display:inline-block}<\/style>\t\t\t\t\t\t\t\t\t\t\t\t<img loading=\"lazy\" decoding=\"async\" width=\"60\" height=\"26\" src=\"https:\/\/mycareerpros.com\/al\/wp-content\/uploads\/2022\/09\/infinity-logo.svg\" class=\"attachment-large size-large\" alt=\"\" \/>\t\t\t\t\t\t\t\t\t\t\t\t\t\t\t<\/div>\n\t\t\t\t<\/div>\n\t\t\t\t<div class=\"elementor-element elementor-element-3cd9081 elementor-widget elementor-widget-text-editor\" data-id=\"3cd9081\" data-element_type=\"widget\" data-widget_type=\"text-editor.default\">\n\t\t\t\t<div class=\"elementor-widget-container\">\n\t\t\t<style>\/*! elementor - v3.7.4 - 31-08-2022 *\/\n.elementor-widget-text-editor.elementor-drop-cap-view-stacked .elementor-drop-cap{background-color:#818a91;color:#fff}.elementor-widget-text-editor.elementor-drop-cap-view-framed .elementor-drop-cap{color:#818a91;border:3px solid;background-color:transparent}.elementor-widget-text-editor:not(.elementor-drop-cap-view-default) .elementor-drop-cap{margin-top:8px}.elementor-widget-text-editor:not(.elementor-drop-cap-view-default) .elementor-drop-cap-letter{width:1em;height:1em}.elementor-widget-text-editor .elementor-drop-cap{float:left;text-align:center;line-height:1;font-size:50px}.elementor-widget-text-editor .elementor-drop-cap-letter{display:inline-block}<\/style>\t\t\t\t<p><b>Kushtet e P\u00ebrdorimit dhe Politika e Privat\u00ebsis\u00eb<\/b><br \/>Mycareerpros.com\u00a0\u00ebsht\u00eb nj\u00eb faqe interneti dhe t\u00eb gjitha p\u00ebrmbajtjet e saj, duke p\u00ebrfshir\u00eb ide, tekste, grafika, fotografi, plane, softuer, lidhje, lajmeletra etj., jan\u00eb pron\u00eb intelektuale e mycareerpros.com\u00a0ose t\u00eb pal\u00ebve t\u00eb treta t\u00eb kontraktuara me kompanin\u00eb dhe jan\u00eb t\u00eb mbrojtura nga ligjet e tregtis\u00eb dhe t\u00eb pron\u00ebs intelektuale nd\u00ebrkomb\u00ebtare dhe t\u00eb Komunitetit Evropian. Prezantimi i tyre n\u00eb mycareerpros.com\u00a0n\u00eb asnj\u00eb rast nuk duhet t\u00eb konsiderohet si transferim ose dh\u00ebnie e nj\u00eb licence ose t\u00eb drejt\u00ebs p\u00ebr t&#8217;i p\u00ebrdorur ato.<\/p><p>P\u00ebrs\u00ebritja, regjistrimi analog \/ digital dhe riprodhimi mekanik, shp\u00ebrndarja, transferimi, shkarkimi, p\u00ebrpunimi, rivendosja n\u00eb treg, krijimi i punimeve t\u00eb derivuara, ose mashtrimi i publikut n\u00eb lidhje me ofruesin aktual t\u00eb p\u00ebrmbajtjes, riprodhimi, rilindja, ngarkimi, njoftimi, shp\u00ebrndarja ose transmetimi ose \u00e7do p\u00ebrdorim tjet\u00ebr i p\u00ebrmbajtjes s\u00eb faqes s\u00eb internetit mycareerpros.com n\u00eb \u00e7far\u00ebdo m\u00ebnyre ose mjet p\u00ebr q\u00ebllime komerciale ose t\u00eb tjera lejohet vet\u00ebm me lejen e shkruar paraprakisht nga webmaster\u00ebt e www.mycareerpros.com\u00a0ose nga pal\u00ebt e tjera t\u00eb drejtave t\u00eb autorit legjitim.<\/p><p><b>Privat\u00ebsia<\/b><br \/>Menaxhimi dhe mbrojtja e t\u00eb dh\u00ebnave personale t\u00eb vizitorit \/ p\u00ebrdoruesit t\u00eb sh\u00ebrbimeve t\u00eb faqes s\u00eb internetit www.mycareerpros.com\u00a0n\u00ebnshtrihet dispozitave relevante t\u00eb ligjeve greke (Ligji 2472\/1997 p\u00ebr mbrojtjen e individit dhe mbrojtjen e t\u00eb dh\u00ebnave personale si\u00e7 plot\u00ebsohet nga vendimet e Presidentit t\u00eb Komisionit p\u00ebr Mbrojtjen e t\u00eb Dh\u00ebnave Personale, si dhe Ligji 2774\/1999 dhe Ligji Evropian (Direktivat 95\/46 \/ EC dhe 97\/66 \/ EC). N\u00eb \u00e7do rast, faqja www.mycareerpros.com\u00a0rezervon t\u00eb drejt\u00ebn p\u00ebr t\u00eb ndryshuar kushtet e mbrojtjes personale n\u00eb informacionin e vizitor\u00ebve \/ p\u00ebrdoruesve dhe brenda korniz\u00ebs ligjore ekzistuese ose potenciale. P\u00ebrdorimi \/ vizita implikon pranimin e k\u00ebtyre kushteve.<\/p><p><b>Cookies politikash<\/b><br \/>1. \u00c7far\u00eb jan\u00eb cookies? Cookies jan\u00eb pjes\u00eb t\u00eb vogla t\u00eb skedar\u00ebve tekst q\u00eb ruhen n\u00eb shfletuesin e p\u00ebrdoruesit kur ata vizitojn\u00eb nj\u00eb faqe interneti. Informacioni i ruajtur n\u00eb kompjuterin e p\u00ebrdoruesit mund t\u00eb p\u00ebrmbaj\u00eb informacion si faqet e vizituara nga p\u00ebrdoruesi, data dhe ora e vizit\u00ebs, dhe nj\u00eb num\u00ebr identifikues unik t\u00eb p\u00ebrdoruesit. Duke p\u00ebrdorur k\u00ebt\u00eb faqe, faqja \u00ebsht\u00eb n\u00eb gjendje t\u00eb ruaj\u00eb informacione t\u00eb dobishme p\u00ebr shfletimin e p\u00ebrdoruesit n\u00eb faqen, si dhe t\u00eb lexoj\u00eb k\u00ebto informacione p\u00ebr t\u00eb siguruar nj\u00eb p\u00ebrvoj\u00eb t\u00eb p\u00ebrbashk\u00ebt t\u00eb shfletimit p\u00ebr p\u00ebrdoruesin.<br \/>2.Ne p\u00ebrdorim cookies n\u00eb faqen ton\u00eb p\u00ebr t\u00eb menaxhuar sesionet, ofruar faqe t\u00eb personalizuara dhe p\u00ebr t\u00eb personalizuar p\u00ebrmbajtjen promocionale dhe t\u00eb tjera p\u00ebr t\u00eb reflektuar nevojat dhe interesat tuaja t\u00eb ve\u00e7anta. Cookies mund t\u00eb p\u00ebrdoren gjithashtu p\u00ebr t\u00eb kompiluar statistika anonime t\u00eb agreguara q\u00eb na lejojn\u00eb t\u00eb kuptojm\u00eb se si publiku po p\u00ebrdor faqet tona t\u00eb internetit dhe ndihmojn\u00eb n\u00eb p\u00ebrmir\u00ebsimin e struktur\u00ebs dhe p\u00ebrmbajtjes s\u00eb tyre. Ju mund t\u00eb modifikoni cil\u00ebsimet e shfletuesit p\u00ebr t\u00eb hequr disa ose t\u00eb gjitha cookies, p\u00ebrve\u00e7 atyre q\u00eb jan\u00eb absolutisht t\u00eb nevojshme. Duhet t\u00eb jeni t\u00eb vet\u00ebdijsh\u00ebm se disa karakteristika jan\u00eb t\u00eb disponueshme vet\u00ebm p\u00ebrmes p\u00ebrdorimit t\u00eb cookies dhe n\u00ebse zgjidhni t\u00eb \u00e7aktivizoni cookies, k\u00ebto karakteristika mund t\u00eb mos jen\u00eb t\u00eb disponueshme. N\u00eb p\u00ebrgjith\u00ebsi, n\u00eb faqet tona t\u00eb internetit p\u00ebrdoren kryesisht kategorit\u00eb e m\u00ebposhtme t\u00eb cookies.<\/p><p><b>Biskota t\u00eb nevojshme.<\/b><br \/>Skedar\u00ebt &#8220;cookies&#8221; absolutisht t\u00eb nevojsh\u00ebm jan\u00eb t\u00eb domosdosh\u00ebm p\u00ebr funksionimin e faqeve tona t\u00eb internetit dhe ju lejojn\u00eb t\u00eb shfletoni dhe t\u00eb p\u00ebrdorni funksionet e tyre, si\u00e7 \u00ebsht\u00eb aksesimi n\u00eb zona t\u00eb sigurta ose p\u00ebrdorimi i shport\u00ebs s\u00eb blerjeve. K\u00ebto cookies nuk e njohin identitetin tuaj individual. Pa k\u00ebto cookies, ne nuk mund t\u00eb ofrojm\u00eb nj\u00eb funksionim efektiv t\u00eb faqeve tona t\u00eb internetit.<\/p><p><b>Kukit e funksionalitetit (Preferencat)<\/b><br \/>K\u00ebto cookies lejojn\u00eb faqet t\u00eb mbajn\u00eb mend zgjedhjet e p\u00ebrdoruesit si emrin e p\u00ebrdoruesit, gjuh\u00ebn ose rajonin p\u00ebr t\u00eb ofruar karakteristika t\u00eb p\u00ebrmiruara dhe t\u00eb personalizuara. Ata gjithashtu mund t\u00eb p\u00ebrdoren p\u00ebr t\u00eb ofruar sh\u00ebrbime q\u00eb jan\u00eb k\u00ebrkuar nga p\u00ebrdoruesi, si shikimi i videove ose p\u00ebrdorimi i mediave sociale. Informacioni i mbledhur nga k\u00ebto cookies mund t\u00eb b\u00ebhet anonim dhe nuk mund t\u00eb ndjek\u00eb aktivitetin e shfletimit n\u00eb faqet e tjera. N\u00ebse nuk pranoni k\u00ebto cookies, performanca dhe funksionaliteti i faqeve mund t\u00eb ndikohen dhe aksesimi juaj n\u00eb p\u00ebrmbajtjen e tyre mund t\u00eb kufizohet.<\/p><p><b>Kukit e performanc\u00ebs (statistika)<\/b><br \/>K\u00ebto cookies mbledhin informacione rreth m\u00ebnyr\u00ebs se si vizitor\u00ebt p\u00ebrdorin faqet tona, p\u00ebr shembull, cilat faqe vizitojn\u00eb m\u00eb shpesh dhe n\u00ebse ata marrin mesazhe gabimi nga faqet e internetit. K\u00ebto cookies mbledhin informacione t\u00eb agreguara dhe anonime q\u00eb nuk identifikojn\u00eb nj\u00eb vizitor. Ata p\u00ebrdoren vet\u00ebm p\u00ebr t\u00eb p\u00ebrmir\u00ebsuar performanc\u00ebn e nj\u00eb faqeje.<\/p><p><b>Cookie marketingu<\/b><br \/>K\u00ebto cookies p\u00ebrdoren p\u00ebr t\u00eb ofruar p\u00ebrmbajtje q\u00eb p\u00ebrshtatet m\u00eb mir\u00eb me ju dhe interesat tuaja. Ata mund t\u00eb p\u00ebrdoren p\u00ebr t\u00eb d\u00ebrguar oferta t\u00eb synuara, kufizuar shfaqjen e reklamave ose p\u00ebr t\u00eb matur efektivitetin e fushatave reklamuese. K\u00ebto cookies mund t\u00eb p\u00ebrdoren p\u00ebr t\u00eb mbajtur mend faqet e internetit q\u00eb keni vizituar p\u00ebr t\u00eb p\u00ebrcaktuar cilat kanale marketingu n\u00eb internet jan\u00eb m\u00eb efektive dhe na lejojn\u00eb t\u00eb shp\u00ebrblejm\u00eb faqet e internetit dhe partner\u00ebt e jasht\u00ebm q\u00eb na kan\u00eb promovuar te ju.<\/p><p><b>Kuki t\u00eb pal\u00ebve t\u00eb treta<\/b><br \/>K\u00ebto cookies vendosen nga partner\u00ebt tan\u00eb n\u00eb em\u00ebr ton\u00eb. Me k\u00ebto cookies, ata mbledhin t\u00eb dh\u00ebna rreth performanc\u00ebs s\u00eb reklamave tuaja dhe nd\u00ebrveprimin tuaj me faqet tona t\u00eb internetit. K\u00ebto t\u00eb dh\u00ebna mund t\u00eb p\u00ebrdoren nga partner\u00ebt tan\u00eb p\u00ebr t\u00eb nxjerr\u00eb p\u00ebrfundime statistikore dhe p\u00ebr t\u00eb p\u00ebrmir\u00ebsuar p\u00ebrvoj\u00ebn tuaj t\u00eb reklamimit si vizitor.<\/p>\t\t\t\t\t\t<\/div>\n\t\t\t\t<\/div>\n\t\t\t\t\t<\/div>\n\t\t<\/div>\n\t\t\t\t\t\t\t<\/div>\n\t\t<\/section>\n\t\t\t\t\t\t\t<\/div>\n\t\t","protected":false},"excerpt":{"rendered":"<p>Politika e privat\u00ebsis\u00eb Kushtet e P\u00ebrdorimit dhe Politika e Privat\u00ebsis\u00ebMycareerpros.com\u00a0\u00ebsht\u00eb nj\u00eb faqe interneti dhe t\u00eb gjitha p\u00ebrmbajtjet e saj, duke p\u00ebrfshir\u00eb ide, tekste, grafika, fotografi, plane, softuer, lidhje, lajmeletra etj., jan\u00eb pron\u00eb intelektuale e mycareerpros.com\u00a0ose t\u00eb pal\u00ebve t\u00eb treta t\u00eb kontraktuara me kompanin\u00eb dhe jan\u00eb t\u00eb mbrojtura nga ligjet e tregtis\u00eb dhe t\u00eb pron\u00ebs intelektuale &hellip;<\/p>\n<p class=\"read-more\"> <a class=\"\" href=\"https:\/\/mycareerpros.com\/al\/privacy-policy\/\"> <span class=\"screen-reader-text\">Privacy Policy<\/span> Read More &raquo;<\/a><\/p>\n","protected":false},"author":2,"featured_media":0,"parent":0,"menu_order":0,"comment_status":"closed","ping_status":"closed","template":"","meta":{"site-sidebar-layout":"no-sidebar","site-content-layout":"page-builder","ast-global-header-display":"","ast-main-header-display":"","ast-hfb-above-header-display":"","ast-hfb-below-header-display":"","ast-hfb-mobile-header-display":"","site-post-title":"disabled","ast-breadcrumbs-content":"","ast-featured-img":"disabled","footer-sml-layout":"","theme-transparent-header-meta":"","adv-header-id-meta":"","stick-header-meta":"","header-above-stick-meta":"","header-main-stick-meta":"","header-below-stick-meta":"","footnotes":""},"class_list":["post-315","page","type-page","status-publish","hentry"],"acf":[],"_links":{"self":[{"href":"https:\/\/mycareerpros.com\/al\/wp-json\/wp\/v2\/pages\/315","targetHints":{"allow":["GET"]}}],"collection":[{"href":"https:\/\/mycareerpros.com\/al\/wp-json\/wp\/v2\/pages"}],"about":[{"href":"https:\/\/mycareerpros.com\/al\/wp-json\/wp\/v2\/types\/page"}],"author":[{"embeddable":true,"href":"https:\/\/mycareerpros.com\/al\/wp-json\/wp\/v2\/users\/2"}],"replies":[{"embeddable":true,"href":"https:\/\/mycareerpros.com\/al\/wp-json\/wp\/v2\/comments?post=315"}],"version-history":[{"count":38,"href":"https:\/\/mycareerpros.com\/al\/wp-json\/wp\/v2\/pages\/315\/revisions"}],"predecessor-version":[{"id":541,"href":"https:\/\/mycareerpros.com\/al\/wp-json\/wp\/v2\/pages\/315\/revisions\/541"}],"wp:attachment":[{"href":"https:\/\/mycareerpros.com\/al\/wp-json\/wp\/v2\/media?parent=315"}],"curies":[{"name":"wp","href":"https:\/\/api.w.org\/{rel}","templated":true}]}}